{"id":1563,"date":"2024-05-01T13:29:20","date_gmt":"2024-05-01T11:29:20","guid":{"rendered":"https:\/\/www.pierre1731.be\/?page_id=1563"},"modified":"2024-05-01T13:29:56","modified_gmt":"2024-05-01T11:29:56","slug":"sandwiches","status":"publish","type":"page","link":"https:\/\/www.pierre1731.be\/en\/broodjes\/","title":{"rendered":"Sandwiches"},"content":{"rendered":"<div data-elementor-type=\"wp-page\" data-elementor-id=\"1563\" class=\"elementor elementor-1563\">\n\t\t\t\t<div class=\"elementor-element elementor-element-45e2aee e-con-full e-flex e-con e-parent\" data-id=\"45e2aee\" data-element_type=\"container\" data-e-type=\"container\" data-settings=\"{&quot;jet_parallax_layout_list&quot;:[]}\">\n\t\t\t\t<div class=\"elementor-element elementor-element-7074f59 elementor-widget elementor-widget-heading\" data-id=\"7074f59\" data-element_type=\"widget\" data-e-type=\"widget\" data-widget_type=\"heading.default\">\n\t\t\t\t<div class=\"elementor-widget-container\">\n\t\t\t\t\t<h2 class=\"elementor-heading-title elementor-size-default\">Please always order before 10 a.m.! <br>If after 10 a.m. : call us at  <a href=\"tel:0472957326\">0472957326<\/a><\/h2>\t\t\t\t<\/div>\n\t\t\t\t<\/div>\n\t\t\t\t<\/div>\n\t\t<div class=\"elementor-element elementor-element-3549be1 e-con-full e-flex e-con e-parent\" data-id=\"3549be1\" data-element_type=\"container\" data-e-type=\"container\" data-settings=\"{&quot;jet_parallax_layout_list&quot;:[]}\">\n\t\t\t\t<\/div>\n\t\t\t\t<\/div>","protected":false},"excerpt":{"rendered":"<p>Gelieve steeds v\u00f3\u00f3r 10 uur te bestellen! Indien na 10 uur : bel ons op 0472957326 Broodje Am\u00e9ricain Pr\u00e9par\u00e9 4,00&euro; Geniet van een smaakvolle ervaring met ons heerlijke krokante broodje,&#8230; Selecteer opties Broodje Boulette met Saus 4,00&euro; Selecteer opties Broodje Boulette Speciaal 4,60&euro; Selecteer opties Broodje Brie 4,00&euro; Selecteer opties Broodje Chicken Club 5,00&euro; Selecteer [&hellip;]<\/p>\n","protected":false},"author":1,"featured_media":0,"parent":0,"menu_order":0,"comment_status":"closed","ping_status":"closed","template":"","meta":{"footnotes":""},"class_list":["post-1563","page","type-page","status-publish","hentry"],"jetpack_sharing_enabled":true,"_links":{"self":[{"href":"https:\/\/www.pierre1731.be\/en\/wp-json\/wp\/v2\/pages\/1563","targetHints":{"allow":["GET"]}}],"collection":[{"href":"https:\/\/www.pierre1731.be\/en\/wp-json\/wp\/v2\/pages"}],"about":[{"href":"https:\/\/www.pierre1731.be\/en\/wp-json\/wp\/v2\/types\/page"}],"author":[{"embeddable":true,"href":"https:\/\/www.pierre1731.be\/en\/wp-json\/wp\/v2\/users\/1"}],"replies":[{"embeddable":true,"href":"https:\/\/www.pierre1731.be\/en\/wp-json\/wp\/v2\/comments?post=1563"}],"version-history":[{"count":0,"href":"https:\/\/www.pierre1731.be\/en\/wp-json\/wp\/v2\/pages\/1563\/revisions"}],"wp:attachment":[{"href":"https:\/\/www.pierre1731.be\/en\/wp-json\/wp\/v2\/media?parent=1563"}],"curies":[{"name":"wp","href":"https:\/\/api.w.org\/{rel}","templated":true}]}}